{"id":6813,"date":"2024-09-08T06:21:22","date_gmt":"2024-09-08T06:21:22","guid":{"rendered":"https:\/\/www.demirstorm.com\/hizmetlerimiz\/proje-yonetimi-danismanlik\/"},"modified":"2025-11-27T15:38:24","modified_gmt":"2025-11-27T15:38:24","slug":"project-management-consultancy","status":"publish","type":"page","link":"https:\/\/www.demirstorm.com\/en\/our-services\/project-management-consultancy\/","title":{"rendered":"Project Management &#038; Consultancy"},"content":{"rendered":"\t\t<div data-elementor-type=\"wp-page\" data-elementor-id=\"6813\" class=\"elementor elementor-6813 elementor-72\">\n\t\t\t\t\t\t\t<div class=\" elementor-element elementor-element-4c81d74 e-flex e-con-boxed e-con e-parent\" data-id=\"4c81d74\" data-element_type=\"container\">\r\n\t\t\t\t\t\t\t<div class=\"e-con-inner\">\r\n\t\t\t\t\t\t<div class=\"elementor-element elementor-element-616a7a4 elementor-widget elementor-widget-image\" data-id=\"616a7a4\" data-element_type=\"widget\" data-widget_type=\"image.default\">\n\t\t\t\t\t\t\t\t\t\t\t\t\t\t\t<img fetchpriority=\"high\" decoding=\"async\" width=\"1000\" height=\"527\" src=\"https:\/\/www.demirstorm.com\/wp-content\/uploads\/2025\/08\/proje-yonetimi.jpg\" class=\"attachment-full size-full wp-image-5127\" alt=\"\" srcset=\"https:\/\/www.demirstorm.com\/wp-content\/uploads\/2025\/08\/proje-yonetimi.jpg 1000w, https:\/\/www.demirstorm.com\/wp-content\/uploads\/2025\/08\/proje-yonetimi-600x316.jpg 600w, https:\/\/www.demirstorm.com\/wp-content\/uploads\/2025\/08\/proje-yonetimi-768x405.jpg 768w\" sizes=\"(max-width: 1000px) 100vw, 1000px\" \/>\t\t\t\t\t\t\t\t\t\t\t\t\t\t\t<\/div>\n\t\t\t\t<div class=\"elementor-element elementor-element-f22e058 elementor-widget elementor-widget-heading\" data-id=\"f22e058\" data-element_type=\"widget\" data-widget_type=\"heading.default\">\n\t\t\t\t\t<h2 class=\"elementor-heading-title elementor-size-default\">Demirstorm A.\u015e. provides project management and consultancy services to ensure that engineering, procurement, and construction processes progress on time, within budget, and in line with project objectives.<\/h2>\t\t\t\t<\/div>\n\t\t\t\t\t<div class=\" elementor-element elementor-element-2e58f30 e-con-full e-flex e-con e-child\" data-id=\"2e58f30\" data-element_type=\"container\">\r\n\t\t\t\t\t\t<div class=\" elementor-element elementor-element-d27afd4 e-con-full e-flex e-con e-child\" data-id=\"d27afd4\" data-element_type=\"container\">\r\n\t\t\t\t\t<div class=\"elementor-element elementor-element-a3b4bc8 elementor-widget__width-initial elementor-widget-tablet_extra__width-initial elementor-icon-list--layout-traditional elementor-widget elementor-widget-udesign_widget_iconlist\" data-id=\"a3b4bc8\" data-element_type=\"widget\" data-widget_type=\"udesign_widget_iconlist.default\">\n\t\t\t\t\t<ul class=\"elementor-icon-list-items\">\r\n\t\t\t<li class=\"elementor-icon-list-item elementor-repeater-item-b811c99\">\r\n\t\t\t\t\t\t\t<span class=\"elementor-icon-list-icon\">\r\n\t\t\t\t<i aria-hidden=\"true\" class=\"  u-icon-check\"><\/i>\t\t\t\t<\/span>\r\n\t\t\t\t\t\t<span class=\"elementor-icon-list-text\">Industrial and Investment Projects<\/span>\r\n\t\t\t\t\t\t\t\t<\/li>\r\n\t\t\t\t<li class=\"elementor-icon-list-item elementor-repeater-item-dd15bba\">\r\n\t\t\t\t\t\t\t<span class=\"elementor-icon-list-icon\">\r\n\t\t\t\t<i aria-hidden=\"true\" class=\"  u-icon-check\"><\/i>\t\t\t\t<\/span>\r\n\t\t\t\t\t\t<span class=\"elementor-icon-list-text\">Wind (WPP) and Solar (SPP) Energy Projects<\/span>\r\n\t\t\t\t\t\t\t\t<\/li>\r\n\t\t\t\t<li class=\"elementor-icon-list-item elementor-repeater-item-49b0eaa\">\r\n\t\t\t\t\t\t\t<span class=\"elementor-icon-list-icon\">\r\n\t\t\t\t<i aria-hidden=\"true\" class=\"  u-icon-check\"><\/i>\t\t\t\t<\/span>\r\n\t\t\t\t\t\t<span class=\"elementor-icon-list-text\">Municipalities and Universities<\/span>\r\n\t\t\t\t\t\t\t\t<\/li>\r\n\t\t\t\t<li class=\"elementor-icon-list-item elementor-repeater-item-6f76d8d\">\r\n\t\t\t\t\t\t\t<span class=\"elementor-icon-list-icon\">\r\n\t\t\t\t<i aria-hidden=\"true\" class=\"  u-icon-check\"><\/i>\t\t\t\t<\/span>\r\n\t\t\t\t\t\t<span class=\"elementor-icon-list-text\">Public Institutions<\/span>\r\n\t\t\t\t\t\t\t\t<\/li>\r\n\t\t\t\t<li class=\"elementor-icon-list-item elementor-repeater-item-f17f13b\">\r\n\t\t\t\t\t\t\t<span class=\"elementor-icon-list-icon\">\r\n\t\t\t\t<i aria-hidden=\"true\" class=\"  u-icon-check\"><\/i>\t\t\t\t<\/span>\r\n\t\t\t\t\t\t<span class=\"elementor-icon-list-text\">Hotel and Tourism Facility Investments<\/span>\r\n\t\t\t\t\t\t\t\t<\/li>\r\n\t\t\t\t<li class=\"elementor-icon-list-item elementor-repeater-item-1c4ab7a\">\r\n\t\t\t\t\t\t\t<span class=\"elementor-icon-list-icon\">\r\n\t\t\t\t<i aria-hidden=\"true\" class=\"  u-icon-check\"><\/i>\t\t\t\t<\/span>\r\n\t\t\t\t\t\t<span class=\"elementor-icon-list-text\">Private Sector Investment Monitoring (SOCAR, BOTA\u015e, T\u00dcPRA\u015e, etc.)<\/span>\r\n\t\t\t\t\t\t\t\t<\/li>\r\n\t\t\t\t<li class=\"elementor-icon-list-item elementor-repeater-item-5ea0f19\">\r\n\t\t\t\t\t\t\t<span class=\"elementor-icon-list-icon\">\r\n\t\t\t\t<i aria-hidden=\"true\" class=\"  u-icon-check\"><\/i>\t\t\t\t<\/span>\r\n\t\t\t\t\t\t<span class=\"elementor-icon-list-text\">\u0130SG-\u00c7 Quality Procedures<\/span>\r\n\t\t\t\t\t\t\t\t<\/li>\r\n\t\t<\/ul>\r\n\t\t\t\t<\/div>\n\t\t\r\n\t\t\t<\/div>\r\n\t\t\t\t\t\t<div class=\" elementor-element elementor-element-0974d67 e-con-full e-flex e-con e-child\" data-id=\"0974d67\" data-element_type=\"container\">\r\n\t\t\t\t\t<div class=\"elementor-element elementor-element-e6de80b elementor-widget__width-initial elementor-widget-tablet_extra__width-initial elementor-icon-list--layout-traditional elementor-widget elementor-widget-udesign_widget_iconlist\" data-id=\"e6de80b\" data-element_type=\"widget\" data-widget_type=\"udesign_widget_iconlist.default\">\n\t\t\t\t\t<ul class=\"elementor-icon-list-items\">\r\n\t\t\t<li class=\"elementor-icon-list-item elementor-repeater-item-b811c99\">\r\n\t\t\t\t\t\t\t<span class=\"elementor-icon-list-icon\">\r\n\t\t\t\t<i aria-hidden=\"true\" class=\"  u-icon-check\"><\/i>\t\t\t\t<\/span>\r\n\t\t\t\t\t\t<span class=\"elementor-icon-list-text\">Business Development Support for Medium and Large-Scale Companies<\/span>\r\n\t\t\t\t\t\t\t\t<\/li>\r\n\t\t\t\t<li class=\"elementor-icon-list-item elementor-repeater-item-49b0eaa\">\r\n\t\t\t\t\t\t\t<span class=\"elementor-icon-list-icon\">\r\n\t\t\t\t<i aria-hidden=\"true\" class=\"  u-icon-check\"><\/i>\t\t\t\t<\/span>\r\n\t\t\t\t\t\t<span class=\"elementor-icon-list-text\">Shutdown and Modernization Planning<\/span>\r\n\t\t\t\t\t\t\t\t<\/li>\r\n\t\t\t\t<li class=\"elementor-icon-list-item elementor-repeater-item-6f76d8d\">\r\n\t\t\t\t\t\t\t<span class=\"elementor-icon-list-icon\">\r\n\t\t\t\t<i aria-hidden=\"true\" class=\"  u-icon-check\"><\/i>\t\t\t\t<\/span>\r\n\t\t\t\t\t\t<span class=\"elementor-icon-list-text\">Land and Zoning Consultancy<\/span>\r\n\t\t\t\t\t\t\t\t<\/li>\r\n\t\t\t\t<li class=\"elementor-icon-list-item elementor-repeater-item-80c2c2c\">\r\n\t\t\t\t\t\t\t<span class=\"elementor-icon-list-icon\">\r\n\t\t\t\t<i aria-hidden=\"true\" class=\"  u-icon-check\"><\/i>\t\t\t\t<\/span>\r\n\t\t\t\t\t\t<span class=\"elementor-icon-list-text\">International Project Partnership Consultancy for Financing Large-Scale Projects<\/span>\r\n\t\t\t\t\t\t\t\t<\/li>\r\n\t\t<\/ul>\r\n\t\t\t\t<\/div>\n\t\t\r\n\t\t\t<\/div>\r\n\t\t\t\r\n\t\t\t<\/div>\r\n\t\t\t\t\t\t<div class=\" elementor-element elementor-element-d63ecf4 e-con-full e-flex e-con e-child\" data-id=\"d63ecf4\" data-element_type=\"container\">\r\n\t\t\t\r\n\t\t\t<\/div>\r\n\t\t\t\t\t<div class=\"elementor-element elementor-element-5b36165 elementor-widget-divider--view-line elementor-widget elementor-widget-divider\" data-id=\"5b36165\" data-element_type=\"widget\" data-widget_type=\"divider.default\">\n\t\t\t\t\t\t\t<div class=\"elementor-divider\">\n\t\t\t<span class=\"elementor-divider-separator\">\n\t\t\t\t\t\t<\/span>\n\t\t<\/div>\n\t\t\t\t\t\t<\/div>\n\t\t\t\t\t\t<\/div>\r\n\t\t\t\t\r\n\t\t\t<\/div>\r\n\t\t\t\t\t<\/div>\n\t\t","protected":false},"excerpt":{"rendered":"<p>Demirstorm A.\u015e. provides project management and consultancy services to ensure that engineering, procurement, and construction processes progress on time, within budget, and in line with project objectives. Industrial and Investment [&hellip;]<\/p>\n","protected":false},"author":2,"featured_media":0,"parent":6805,"menu_order":0,"comment_status":"closed","ping_status":"closed","template":"","meta":{"_acf_changed":false,"footnotes":""},"class_list":["post-6813","page","type-page","status-publish","hentry"],"acf":[],"_links":{"self":[{"href":"https:\/\/www.demirstorm.com\/en\/wp-json\/wp\/v2\/pages\/6813","targetHints":{"allow":["GET"]}}],"collection":[{"href":"https:\/\/www.demirstorm.com\/en\/wp-json\/wp\/v2\/pages"}],"about":[{"href":"https:\/\/www.demirstorm.com\/en\/wp-json\/wp\/v2\/types\/page"}],"author":[{"embeddable":true,"href":"https:\/\/www.demirstorm.com\/en\/wp-json\/wp\/v2\/users\/2"}],"replies":[{"embeddable":true,"href":"https:\/\/www.demirstorm.com\/en\/wp-json\/wp\/v2\/comments?post=6813"}],"version-history":[{"count":5,"href":"https:\/\/www.demirstorm.com\/en\/wp-json\/wp\/v2\/pages\/6813\/revisions"}],"predecessor-version":[{"id":6945,"href":"https:\/\/www.demirstorm.com\/en\/wp-json\/wp\/v2\/pages\/6813\/revisions\/6945"}],"up":[{"embeddable":true,"href":"https:\/\/www.demirstorm.com\/en\/wp-json\/wp\/v2\/pages\/6805"}],"wp:attachment":[{"href":"https:\/\/www.demirstorm.com\/en\/wp-json\/wp\/v2\/media?parent=6813"}],"curies":[{"name":"wp","href":"https:\/\/api.w.org\/{rel}","templated":true}]}}